{"id":680,"date":"2019-05-16T11:18:30","date_gmt":"2019-05-16T11:18:30","guid":{"rendered":"http:\/\/mshop.php-dev.in\/daliparis\/?page_id=680"},"modified":"2019-08-19T13:26:10","modified_gmt":"2019-08-19T13:26:10","slug":"street-art-exhibition","status":"publish","type":"page","link":"https:\/\/www.daliparis.com\/en\/collection-en\/past-exhibitions\/street-art-exhibition\/","title":{"rendered":"Street art exhibition"},"content":{"rendered":"<div class=\"wpb-content-wrapper\">[vc_row css=&#8221;.vc_custom_1557923537139{margin-top: 60px !important;}&#8221;][vc_column][vc_acf field_group=&#8221;565&#8243; field_from_565=&#8221;field_5cdc11a9341c5&#8243; align=&#8221;right&#8221; el_class=&#8221;overlay-r exhibition-title&#8221;][vc_row_inner gap=&#8221;25&#8243; css=&#8221;.vc_custom_1557923526550{margin-bottom: 40px !important;}&#8221;][vc_column_inner][vc_column_text]Polymorphic, explosive, rebel, bewildering, funny, unusual, non-conformist, popular: description of the Dalinian method or that of the Street Art? Beyond the creative process, what brings these creators close to one another is their unique way of revealing the world: provocative, iconoclastic and wild. Just like Dal\u00ed, street artists are limitless when it comes to their sources of inspiration and convictions, the materiel and the mediums they use.<\/p>\n<p>About twenty urban artists have met the challenge. In dialogue with the works exhibited at Dal\u00ed Paris, each of them created an artwork which dares to confront the surrealist universe with the vocabulary and the codes of urban art: painting, stencil, design, light paintinh, sound and installation.<\/p>\n<p style=\"font-family: 'Open Sans', sans-serif; line-height: 1.3;\"><strong>Akiza, Artiste Ouvrier, Fred Calmets, Codex Urbanus, Hadrien Durand-Ba\u00efssas, Jadikan, J\u00e9r\u00f4me Mesnager, Les King&#8217;s Queer, Kool Koor, Kouka, Levalet, Thomas Mainardi, Manser, Nikodem, Nowart, Paella, Pioc PPC, Sack, Speedy Graphito, Valeria Attinelli, Zokatos.<\/strong><\/p>\n<p>Keith Haring and happenings (wall fresco in the rue Poulbot, meetings with the artists) will periodically set the pace of the exhibition.<\/p>\n<p>Curator : V\u00e9ronique Mesnager[\/vc_column_text][\/vc_column_inner][\/vc_row_inner][\/vc_column][\/vc_row][vc_row][vc_column][vc_custom_heading text=&#8221;SEE MORE&#8221; font_container=&#8221;tag:h2|font_size:38px|text_align:center|color:%23333333|line_height:40px&#8221; google_fonts=&#8221;font_family:Montserrat%3Aregular%2C700|font_style:400%20regular%3A400%3Anormal&#8221;][vc_separator color=&#8221;custom&#8221; border_width=&#8221;3&#8243; el_width=&#8221;10&#8243; accent_color=&#8221;#d93100&#8243; css=&#8221;.vc_custom_1558443751994{margin-top: 15px !important;margin-bottom: 15px !important;}&#8221;][vc_row_inner equal_height=&#8221;yes&#8221; gap=&#8221;10&#8243; el_class=&#8221;bottom-boxes&#8221; css=&#8221;.vc_custom_1557988317691{margin-top: 40px !important;margin-bottom: 60px !important;}&#8221;][vc_column_inner width=&#8221;1\/3&#8243;][vc_column_text css=&#8221;.vc_custom_1558956446307{padding-top: 0px !important;padding-bottom: 0px !important;}&#8221; el_class=&#8221;overlay-r dali-paris-box&#8221;]\n<h6>Art collection<\/h6>\n<h2>Permanent exhibition<\/h2>\n<p><a class=\"link-overlay\" href=\"\/daliparis\/en\/collection-en\/permanent-exhibition\/\">Link<\/a>[\/vc_column_text][\/vc_column_inner][vc_column_inner width=&#8221;1\/3&#8243;][vc_column_text css=&#8221;.vc_custom_1558956487647{padding-top: 0px !important;padding-bottom: 0px !important;}&#8221; el_class=&#8221;overlay-r dali-paris-box&#8221;]\n<h6>Salvador Dal\u00ed<\/h6>\n<h2>Dalinian symbolism<\/h2>\n<p><a class=\"link-overlay\" href=\"\/daliparis\/en\/salvador-dali-en\/dalinian-symbols\/\">Link<\/a>[\/vc_column_text][\/vc_column_inner][vc_column_inner width=&#8221;1\/3&#8243;][vc_column_text css=&#8221;.vc_custom_1558956570304{padding-top: 0px !important;padding-bottom: 0px !important;}&#8221; el_class=&#8221;overlay-r dali-paris-box&#8221;]\n<h6>Gallery<\/h6>\n<h2>Artworks<\/h2>\n<p><a class=\"link-overlay\" href=\"\/daliparis\/en\/gallery\/artwork\/\">Link<\/a>[\/vc_column_text][\/vc_column_inner][\/vc_row_inner][\/vc_column][\/vc_row]\n<\/div>","protected":false},"excerpt":{"rendered":"<p>[vc_row css=&#8221;.vc_custom_1557923537139{margin-top: 60px !important;}&#8221;][vc_column][vc_acf field_group=&#8221;565&#8243; field_from_565=&#8221;field_5cdc11a9341c5&#8243; align=&#8221;right&#8221; el_class=&#8221;overlay-r exhibition-title&#8221;][vc_row_inner gap=&#8221;25&#8243; css=&#8221;.vc_custom_1557923526550{margin-bottom: 40px !important;}&#8221;][vc_column_inner][vc_column_text]Polymorphic, explosive, rebel, bewildering, funny, unusual, non-conformist, popular: description of the Dalinian method or that of the Street [&hellip;]<\/p>\n","protected":false},"author":1,"featured_media":0,"parent":533,"menu_order":0,"comment_status":"closed","ping_status":"closed","template":"","meta":{"_acf_changed":false,"footnotes":""},"class_list":["post-680","page","type-page","status-publish","hentry"],"acf":[],"yoast_head":"<!-- This site is optimized with the Yoast SEO plugin v27.4 - https:\/\/yoast.com\/product\/yoast-seo-wordpress\/ -->\n<title>Street art exhibition &#8226; Dali Paris<\/title>\n<meta name=\"robots\" content=\"index, follow, max-snippet:-1, max-image-preview:large, max-video-preview:-1\" \/>\n<link rel=\"canonical\" href=\"https:\/\/www.daliparis.com\/en\/collection-en\/past-exhibitions\/street-art-exhibition\/\" \/>\n<meta property=\"og:locale\" content=\"en_US\" \/>\n<meta property=\"og:type\" content=\"article\" \/>\n<meta property=\"og:title\" content=\"Street art exhibition &#8226; Dali Paris\" \/>\n<meta property=\"og:description\" content=\"[vc_row css=&#8221;.vc_custom_1557923537139{margin-top: 60px !important;}&#8221;][vc_column][vc_acf field_group=&#8221;565&#8243; field_from_565=&#8221;field_5cdc11a9341c5&#8243; align=&#8221;right&#8221; el_class=&#8221;overlay-r exhibition-title&#8221;][vc_row_inner gap=&#8221;25&#8243; css=&#8221;.vc_custom_1557923526550{margin-bottom: 40px !important;}&#8221;][vc_column_inner][vc_column_text]Polymorphic, explosive, rebel, bewildering, funny, unusual, non-conformist, popular: description of the Dalinian method or that of the Street [&hellip;]\" \/>\n<meta property=\"og:url\" content=\"https:\/\/www.daliparis.com\/en\/collection-en\/past-exhibitions\/street-art-exhibition\/\" \/>\n<meta property=\"og:site_name\" content=\"Dali Paris\" \/>\n<meta property=\"article:publisher\" content=\"https:\/\/www.facebook.com\/DaliParis.Officiel\/\" \/>\n<meta property=\"article:modified_time\" content=\"2019-08-19T13:26:10+00:00\" \/>\n<meta property=\"og:image\" content=\"https:\/\/www.daliparis.com\/wp-content\/uploads\/2019\/07\/Format-carr\u00e9-e1565037185340.jpg\" \/>\n\t<meta property=\"og:image:width\" content=\"100\" \/>\n\t<meta property=\"og:image:height\" content=\"84\" \/>\n\t<meta property=\"og:image:type\" content=\"image\/jpeg\" \/>\n<meta name=\"twitter:card\" content=\"summary_large_image\" \/>\n<meta name=\"twitter:site\" content=\"@DaliParisOffi\" \/>\n<meta name=\"twitter:label1\" content=\"Est. reading time\" \/>\n\t<meta name=\"twitter:data1\" content=\"2 minutes\" \/>\n<script type=\"application\/ld+json\" class=\"yoast-schema-graph\">{\"@context\":\"https:\\\/\\\/schema.org\",\"@graph\":[{\"@type\":\"WebPage\",\"@id\":\"https:\\\/\\\/www.daliparis.com\\\/en\\\/collection-en\\\/past-exhibitions\\\/street-art-exhibition\\\/\",\"url\":\"https:\\\/\\\/www.daliparis.com\\\/en\\\/collection-en\\\/past-exhibitions\\\/street-art-exhibition\\\/\",\"name\":\"Street art exhibition &#8226; Dali Paris\",\"isPartOf\":{\"@id\":\"https:\\\/\\\/www.daliparis.com\\\/#website\"},\"datePublished\":\"2019-05-16T11:18:30+00:00\",\"dateModified\":\"2019-08-19T13:26:10+00:00\",\"breadcrumb\":{\"@id\":\"https:\\\/\\\/www.daliparis.com\\\/en\\\/collection-en\\\/past-exhibitions\\\/street-art-exhibition\\\/#breadcrumb\"},\"inLanguage\":\"en-US\",\"potentialAction\":[{\"@type\":\"ReadAction\",\"target\":[\"https:\\\/\\\/www.daliparis.com\\\/en\\\/collection-en\\\/past-exhibitions\\\/street-art-exhibition\\\/\"]}]},{\"@type\":\"BreadcrumbList\",\"@id\":\"https:\\\/\\\/www.daliparis.com\\\/en\\\/collection-en\\\/past-exhibitions\\\/street-art-exhibition\\\/#breadcrumb\",\"itemListElement\":[{\"@type\":\"ListItem\",\"position\":1,\"name\":\"Home\",\"item\":\"https:\\\/\\\/www.daliparis.com\\\/en\\\/\"},{\"@type\":\"ListItem\",\"position\":2,\"name\":\"Our Collection\",\"item\":\"https:\\\/\\\/www.daliparis.com\\\/en\\\/collection-en\\\/\"},{\"@type\":\"ListItem\",\"position\":3,\"name\":\"Past Exhibitions\",\"item\":\"https:\\\/\\\/www.daliparis.com\\\/en\\\/collection-en\\\/past-exhibitions\\\/\"},{\"@type\":\"ListItem\",\"position\":4,\"name\":\"Street art exhibition\"}]},{\"@type\":\"WebSite\",\"@id\":\"https:\\\/\\\/www.daliparis.com\\\/#website\",\"url\":\"https:\\\/\\\/www.daliparis.com\\\/\",\"name\":\"Dali Paris\",\"description\":\"Dali Paris\",\"publisher\":{\"@id\":\"https:\\\/\\\/www.daliparis.com\\\/#organization\"},\"potentialAction\":[{\"@type\":\"SearchAction\",\"target\":{\"@type\":\"EntryPoint\",\"urlTemplate\":\"https:\\\/\\\/www.daliparis.com\\\/?s={search_term_string}\"},\"query-input\":{\"@type\":\"PropertyValueSpecification\",\"valueRequired\":true,\"valueName\":\"search_term_string\"}}],\"inLanguage\":\"en-US\"},{\"@type\":\"Organization\",\"@id\":\"https:\\\/\\\/www.daliparis.com\\\/#organization\",\"name\":\"Dali Paris\",\"url\":\"https:\\\/\\\/www.daliparis.com\\\/\",\"logo\":{\"@type\":\"ImageObject\",\"inLanguage\":\"en-US\",\"@id\":\"https:\\\/\\\/www.daliparis.com\\\/#\\\/schema\\\/logo\\\/image\\\/\",\"url\":\"https:\\\/\\\/www.daliparis.com\\\/wp-content\\\/uploads\\\/2019\\\/07\\\/Format-carr\u00e9-fond-transparent.png\",\"contentUrl\":\"https:\\\/\\\/www.daliparis.com\\\/wp-content\\\/uploads\\\/2019\\\/07\\\/Format-carr\u00e9-fond-transparent.png\",\"width\":856,\"height\":720,\"caption\":\"Dali Paris\"},\"image\":{\"@id\":\"https:\\\/\\\/www.daliparis.com\\\/#\\\/schema\\\/logo\\\/image\\\/\"},\"sameAs\":[\"https:\\\/\\\/www.facebook.com\\\/DaliParis.Officiel\\\/\",\"https:\\\/\\\/x.com\\\/DaliParisOffi\",\"https:\\\/\\\/www.instagram.com\\\/dali_paris_officiel\",\"https:\\\/\\\/www.linkedin.com\\\/company\\\/5278966\\\/admin\\\/\",\"https:\\\/\\\/www.youtube.com\\\/channel\\\/UCQVkzdUYkc_0zmY-EmD6Rcg\"]}]}<\/script>\n<!-- \/ Yoast SEO plugin. -->","yoast_head_json":{"title":"Street art exhibition &#8226; Dali Paris","robots":{"index":"index","follow":"follow","max-snippet":"max-snippet:-1","max-image-preview":"max-image-preview:large","max-video-preview":"max-video-preview:-1"},"canonical":"https:\/\/www.daliparis.com\/en\/collection-en\/past-exhibitions\/street-art-exhibition\/","og_locale":"en_US","og_type":"article","og_title":"Street art exhibition &#8226; Dali Paris","og_description":"[vc_row css=&#8221;.vc_custom_1557923537139{margin-top: 60px !important;}&#8221;][vc_column][vc_acf field_group=&#8221;565&#8243; field_from_565=&#8221;field_5cdc11a9341c5&#8243; align=&#8221;right&#8221; el_class=&#8221;overlay-r exhibition-title&#8221;][vc_row_inner gap=&#8221;25&#8243; css=&#8221;.vc_custom_1557923526550{margin-bottom: 40px !important;}&#8221;][vc_column_inner][vc_column_text]Polymorphic, explosive, rebel, bewildering, funny, unusual, non-conformist, popular: description of the Dalinian method or that of the Street [&hellip;]","og_url":"https:\/\/www.daliparis.com\/en\/collection-en\/past-exhibitions\/street-art-exhibition\/","og_site_name":"Dali Paris","article_publisher":"https:\/\/www.facebook.com\/DaliParis.Officiel\/","article_modified_time":"2019-08-19T13:26:10+00:00","og_image":[{"width":100,"height":84,"url":"https:\/\/www.daliparis.com\/wp-content\/uploads\/2019\/07\/Format-carr\u00e9-e1565037185340.jpg","type":"image\/jpeg"}],"twitter_card":"summary_large_image","twitter_site":"@DaliParisOffi","twitter_misc":{"Est. reading time":"2 minutes"},"schema":{"@context":"https:\/\/schema.org","@graph":[{"@type":"WebPage","@id":"https:\/\/www.daliparis.com\/en\/collection-en\/past-exhibitions\/street-art-exhibition\/","url":"https:\/\/www.daliparis.com\/en\/collection-en\/past-exhibitions\/street-art-exhibition\/","name":"Street art exhibition &#8226; Dali Paris","isPartOf":{"@id":"https:\/\/www.daliparis.com\/#website"},"datePublished":"2019-05-16T11:18:30+00:00","dateModified":"2019-08-19T13:26:10+00:00","breadcrumb":{"@id":"https:\/\/www.daliparis.com\/en\/collection-en\/past-exhibitions\/street-art-exhibition\/#breadcrumb"},"inLanguage":"en-US","potentialAction":[{"@type":"ReadAction","target":["https:\/\/www.daliparis.com\/en\/collection-en\/past-exhibitions\/street-art-exhibition\/"]}]},{"@type":"BreadcrumbList","@id":"https:\/\/www.daliparis.com\/en\/collection-en\/past-exhibitions\/street-art-exhibition\/#breadcrumb","itemListElement":[{"@type":"ListItem","position":1,"name":"Home","item":"https:\/\/www.daliparis.com\/en\/"},{"@type":"ListItem","position":2,"name":"Our Collection","item":"https:\/\/www.daliparis.com\/en\/collection-en\/"},{"@type":"ListItem","position":3,"name":"Past Exhibitions","item":"https:\/\/www.daliparis.com\/en\/collection-en\/past-exhibitions\/"},{"@type":"ListItem","position":4,"name":"Street art exhibition"}]},{"@type":"WebSite","@id":"https:\/\/www.daliparis.com\/#website","url":"https:\/\/www.daliparis.com\/","name":"Dali Paris","description":"Dali Paris","publisher":{"@id":"https:\/\/www.daliparis.com\/#organization"},"potentialAction":[{"@type":"SearchAction","target":{"@type":"EntryPoint","urlTemplate":"https:\/\/www.daliparis.com\/?s={search_term_string}"},"query-input":{"@type":"PropertyValueSpecification","valueRequired":true,"valueName":"search_term_string"}}],"inLanguage":"en-US"},{"@type":"Organization","@id":"https:\/\/www.daliparis.com\/#organization","name":"Dali Paris","url":"https:\/\/www.daliparis.com\/","logo":{"@type":"ImageObject","inLanguage":"en-US","@id":"https:\/\/www.daliparis.com\/#\/schema\/logo\/image\/","url":"https:\/\/www.daliparis.com\/wp-content\/uploads\/2019\/07\/Format-carr\u00e9-fond-transparent.png","contentUrl":"https:\/\/www.daliparis.com\/wp-content\/uploads\/2019\/07\/Format-carr\u00e9-fond-transparent.png","width":856,"height":720,"caption":"Dali Paris"},"image":{"@id":"https:\/\/www.daliparis.com\/#\/schema\/logo\/image\/"},"sameAs":["https:\/\/www.facebook.com\/DaliParis.Officiel\/","https:\/\/x.com\/DaliParisOffi","https:\/\/www.instagram.com\/dali_paris_officiel","https:\/\/www.linkedin.com\/company\/5278966\/admin\/","https:\/\/www.youtube.com\/channel\/UCQVkzdUYkc_0zmY-EmD6Rcg"]}]}},"_links":{"self":[{"href":"https:\/\/www.daliparis.com\/en\/wp-json\/wp\/v2\/pages\/680","targetHints":{"allow":["GET"]}}],"collection":[{"href":"https:\/\/www.daliparis.com\/en\/wp-json\/wp\/v2\/pages"}],"about":[{"href":"https:\/\/www.daliparis.com\/en\/wp-json\/wp\/v2\/types\/page"}],"author":[{"embeddable":true,"href":"https:\/\/www.daliparis.com\/en\/wp-json\/wp\/v2\/users\/1"}],"replies":[{"embeddable":true,"href":"https:\/\/www.daliparis.com\/en\/wp-json\/wp\/v2\/comments?post=680"}],"version-history":[{"count":8,"href":"https:\/\/www.daliparis.com\/en\/wp-json\/wp\/v2\/pages\/680\/revisions"}],"predecessor-version":[{"id":2222,"href":"https:\/\/www.daliparis.com\/en\/wp-json\/wp\/v2\/pages\/680\/revisions\/2222"}],"up":[{"embeddable":true,"href":"https:\/\/www.daliparis.com\/en\/wp-json\/wp\/v2\/pages\/533"}],"wp:attachment":[{"href":"https:\/\/www.daliparis.com\/en\/wp-json\/wp\/v2\/media?parent=680"}],"curies":[{"name":"wp","href":"https:\/\/api.w.org\/{rel}","templated":true}]}}