{"id":682,"date":"2019-05-16T12:04:22","date_gmt":"2019-05-16T12:04:22","guid":{"rendered":"http:\/\/mshop.php-dev.in\/daliparis\/?page_id=682"},"modified":"2019-11-26T14:29:58","modified_gmt":"2019-11-26T14:29:58","slug":"daum-exihibition","status":"publish","type":"page","link":"https:\/\/www.daliparis.com\/en\/collection-en\/past-exhibitions\/daum-exihibition\/","title":{"rendered":"Daum exihibition"},"content":{"rendered":"<div class=\"wpb-content-wrapper\">[vc_row css=&#8221;.vc_custom_1557923537139{margin-top: 60px !important;}&#8221;][vc_column][vc_acf field_group=&#8221;565&#8243; field_from_565=&#8221;field_5cdc11a9341c5&#8243; align=&#8221;right&#8221; el_class=&#8221;overlay-r exhibition-title&#8221;][vc_row_inner gap=&#8221;25&#8243; css=&#8221;.vc_custom_1557923526550{margin-bottom: 40px !important;}&#8221;][vc_column_inner][vc_column_text]Who could bring together in the same exhibition the following artists: Arman, Ben, C\u00e9sar, Paella Chimicos, Louis Derbr\u00e9, Etienne, Carlos Mata, Hilton McConnico, J\u00e9r\u00f4me Mesnager, Alain S\u00e9chas, Richard Texier\u2026 and Salvador Dal\u00ed?<br \/>\nOnly Daum can, the famous master glassmaker from Lorraine, partner with artists for over 130 years.<\/p>\n<p>In 1968, when the Daum approached the extravagant Salvador Dal\u00ed to ask him to work with crystal, neither one would have imagined that the combination of craftsmanship and art would live on, adding new horizons for the French manufacture that possesses unique French expertise.<\/p>\n<p>The exhibition&#8217;s paradox and charm are products of the encounter of an ancient technique and the freedom given to artists to express their fantasies. Imagination is unchained\u2026<\/p>\n<p>The exposition&#8217;s title itself, &#8220;Daum, variations d&#8217;artistes&#8221;, sets the tone: artists&#8217; dreams literally bite into the matter that is both supple and frozen by fusion that appears transparent and mottled with a visitor&#8217;s caressing look.<\/p>\n<p>Art will be transparent at Dali Paris from September 11, 2015 to February 14th, 2016: an original exhibition that brings together, for the first time, these exceptional works of art.<\/p>\n<p>An exhibition organised with the partnership of Daum,<br \/>\nand the support of Nancy City.<\/p>\n<p><img decoding=\"async\" class=\"alignnone size-medium wp-image-692\" src=\"http:\/\/mshop.php-dev.in\/daliparis\/wp-content\/uploads\/2019\/05\/Logo-nancy_0-300x97.jpg\" alt=\"\" width=\"300\" height=\"97\" srcset=\"https:\/\/www.daliparis.com\/wp-content\/uploads\/2019\/05\/Logo-nancy_0-300x97.jpg 300w, https:\/\/www.daliparis.com\/wp-content\/uploads\/2019\/05\/Logo-nancy_0-768x248.jpg 768w, https:\/\/www.daliparis.com\/wp-content\/uploads\/2019\/05\/Logo-nancy_0-1024x331.jpg 1024w, https:\/\/www.daliparis.com\/wp-content\/uploads\/2019\/05\/Logo-nancy_0-600x194.jpg 600w, https:\/\/www.daliparis.com\/wp-content\/uploads\/2019\/05\/Logo-nancy_0.jpg 1195w\" sizes=\"(max-width: 300px) 100vw, 300px\" \/><\/p>\n<h3 style=\"text-decoration: underline;\">A special way to enjoy the exhibition : the late night visits<\/h3>\n<p>Dali Paris opens until 9 PM on Wednesday, October 21st, November 18th, December 30th, January 20th and February, 10th &#8211; tickets available <strong><a href=\"http:\/\/www.digitick.com\/index-css5-espacedali-lgen-pg1.html\" target=\"_blank\" rel=\"noopener noreferrer\">HERE<\/a><\/strong><\/p>\n<p>Scenography : Agence Didier Saco Design[\/vc_column_text][\/vc_column_inner][\/vc_row_inner][vc_custom_heading text=&#8221;LA PRESSE EN PARLE&#8221; font_container=&#8221;tag:h2|font_size:38px|text_align:center|color:%23333333|line_height:40px&#8221; google_fonts=&#8221;font_family:Montserrat%3Aregular%2C700|font_style:400%20regular%3A400%3Anormal&#8221;][vc_separator color=&#8221;custom&#8221; border_width=&#8221;3&#8243; el_width=&#8221;10&#8243; accent_color=&#8221;#d83100&#8243; css=&#8221;.vc_custom_1558443363445{margin-top: 15px !important;margin-bottom: 15px !important;}&#8221;][vc_column_text css=&#8221;.vc_custom_1558008499303{padding-top: 30px !important;padding-bottom: 40px !important;}&#8221;]<a href=\"http:\/\/sortir.telerama.fr\/evenements\/expos\/daum-variations-d-artistes,194394.php\" target=\"_blank\" rel=\"noopener noreferrer\">T\u00e9l\u00e9rama<\/a> &#8211; TT On aime beaucoup<br \/>\n<a href=\"http:\/\/www.expointhecity.com\/2015\/07\/29\/daum-variations-dartistes\/\" target=\"_blank\" rel=\"noopener noreferrer\">Expo in the city<\/a> &#8211; l&#8217;expo insolite Coup de C\u0153ur de septembre<br \/>\n<a href=\"http:\/\/www.sortiraparis.com\/arts-culture\/exposition\/articles\/90324-les-oeuvres-de-la-maison-daum-a-l-espace-dali\" target=\"_blank\" rel=\"noopener noreferrer\">Sortir \u00e0 Paris<\/a> &#8211; &#8220;une belle d\u00e9couverte de la rentr\u00e9e !<br \/>\n<a href=\"http:\/\/www.france2.fr\/emissions\/telematin\/videos\/regions-daum_variations_dartistes_24-09-2015_932081\" target=\"_blank\" rel=\"noopener noreferrer\">T\u00e9l\u00e9matin<\/a> -&#8220;Une exposition formidable&#8221;<br \/>\n<a href=\"http:\/\/lci.tf1.fr\/videos\/2015\/expo-in-the-city-les-coups-de-coeur-culture-de-la-semaine-de-fleur-8658195.html?xtmc=fleur%20baudon&amp;xtcr=4\" target=\"_blank\" rel=\"noopener noreferrer\">LCI &#8211; les coups de c\u0153ur culture de la semaine de Fleur Baudon Entrez<\/a> &#8211; dans l&#8217;univers enchanteur et d\u00e9jant\u00e9 de Dali<br \/>\n<a href=\"http:\/\/www.dailymotion.com\/video\/x35u5yw#user_search=1\" target=\"_blank\" rel=\"noopener noreferrer\">BFM TV Business<\/a> &#8211; Le Must avec Richard Odier, directeur g\u00e9n\u00e9ral de Daum. &#8211; Go\u00fbts de Luxe Paris, du mercredi 9 septembre 2015, pr\u00e9sent\u00e9 par Karine Vergniol, sur BFM Business.[\/vc_column_text][vc_custom_heading text=&#8221;LES PARTENAIRES DE L&#8217;EXPOSITION&#8221; font_container=&#8221;tag:h2|font_size:38px|text_align:center|color:%23333333|line_height:40px&#8221; google_fonts=&#8221;font_family:Montserrat%3Aregular%2C700|font_style:400%20regular%3A400%3Anormal&#8221;][vc_separator color=&#8221;custom&#8221; border_width=&#8221;3&#8243; el_width=&#8221;10&#8243; accent_color=&#8221;#d83100&#8243; css=&#8221;.vc_custom_1558443380565{margin-top: 15px !important;margin-bottom: 15px !important;}&#8221;][\/vc_column][\/vc_row][vc_row equal_height=&#8221;yes&#8221; content_placement=&#8221;middle&#8221; css=&#8221;.vc_custom_1558008443317{padding-top: 30px !important;padding-bottom: 40px !important;}&#8221;][vc_column width=&#8221;1\/5&#8243;][vc_single_image image=&#8221;700&#8243; alignment=&#8221;center&#8221; onclick=&#8221;custom_link&#8221; img_link_target=&#8221;_blank&#8221; css_animation=&#8221;zoomIn&#8221; link=&#8221;https:\/\/www.connaissancedesarts.com\/&#8221;][\/vc_column][vc_column width=&#8221;1\/5&#8243;][vc_single_image image=&#8221;701&#8243; alignment=&#8221;center&#8221; onclick=&#8221;custom_link&#8221; img_link_target=&#8221;_blank&#8221; css_animation=&#8221;zoomIn&#8221; link=&#8221;https:\/\/www.anousparis.fr\/&#8221;][\/vc_column][vc_column width=&#8221;1\/5&#8243;][vc_single_image image=&#8221;702&#8243; alignment=&#8221;center&#8221; onclick=&#8221;custom_link&#8221; img_link_target=&#8221;_blank&#8221; css_animation=&#8221;zoomIn&#8221; link=&#8221;http:\/\/www.lejdd.fr\/&#8221;][\/vc_column][vc_column width=&#8221;1\/5&#8243;][vc_single_image image=&#8221;703&#8243; alignment=&#8221;center&#8221; onclick=&#8221;custom_link&#8221; img_link_target=&#8221;_blank&#8221; css_animation=&#8221;zoomIn&#8221; link=&#8221;http:\/\/www.exponaute.com\/magazine\/&#8221;][\/vc_column][vc_column width=&#8221;1\/5&#8243;][vc_single_image image=&#8221;704&#8243; alignment=&#8221;center&#8221; onclick=&#8221;custom_link&#8221; img_link_target=&#8221;_blank&#8221; css_animation=&#8221;zoomIn&#8221; link=&#8221;https:\/\/www.digitick.com\/&#8221;][\/vc_column][\/vc_row][vc_row][vc_column][vc_custom_heading text=&#8221;SEE MORE&#8221; font_container=&#8221;tag:h2|font_size:38px|text_align:center|color:%23333333|line_height:40px&#8221; google_fonts=&#8221;font_family:Montserrat%3Aregular%2C700|font_style:400%20regular%3A400%3Anormal&#8221;][vc_separator color=&#8221;custom&#8221; border_width=&#8221;3&#8243; el_width=&#8221;10&#8243; accent_color=&#8221;#d83100&#8243; css=&#8221;.vc_custom_1558443400061{margin-top: 15px !important;margin-bottom: 15px !important;}&#8221;][vc_row_inner equal_height=&#8221;yes&#8221; gap=&#8221;10&#8243; el_class=&#8221;bottom-boxes&#8221; css=&#8221;.vc_custom_1557988317691{margin-top: 40px !important;margin-bottom: 60px !important;}&#8221;][vc_column_inner width=&#8221;1\/3&#8243;][vc_column_text css=&#8221;.vc_custom_1558443535167{padding-top: 0px !important;padding-bottom: 0px !important;}&#8221; el_class=&#8221;overlay-r dali-paris-box&#8221;]\n<h6>History of the collection<\/h6>\n<h2>Founder and curator M. Levi<\/h2>\n<p><a class=\"link-overlay\" href=\"\/daliparis?page_id=758\">Link<\/a>[\/vc_column_text][\/vc_column_inner][vc_column_inner width=&#8221;1\/3&#8243;][vc_column_text css=&#8221;.vc_custom_1558956135868{padding-top: 0px !important;padding-bottom: 0px !important;}&#8221; el_class=&#8221;overlay-r dali-paris-box&#8221;]\n<h6>Gallery<\/h6>\n<h2>Artworks<\/h2>\n<p><a class=\"link-overlay\" href=\"\/daliparis\/en\/gallery\/artwork\/\">Link<\/a>[\/vc_column_text][\/vc_column_inner][vc_column_inner width=&#8221;1\/3&#8243;][vc_column_text css=&#8221;.vc_custom_1558956158858{padding-top: 0px !important;padding-bottom: 0px !important;}&#8221; el_class=&#8221;overlay-r dali-paris-box&#8221;]\n<h6>Art collection<\/h6>\n<h2>Permanent exhibition<\/h2>\n<p><a class=\"link-overlay\" href=\"\/daliparis\/en\/collection-en\/permanent-exhibition\/\">Link<\/a>[\/vc_column_text][\/vc_column_inner][\/vc_row_inner][\/vc_column][\/vc_row]\n<\/div>","protected":false},"excerpt":{"rendered":"<p>[vc_row css=&#8221;.vc_custom_1557923537139{margin-top: 60px !important;}&#8221;][vc_column][vc_acf field_group=&#8221;565&#8243; field_from_565=&#8221;field_5cdc11a9341c5&#8243; align=&#8221;right&#8221; el_class=&#8221;overlay-r exhibition-title&#8221;][vc_row_inner gap=&#8221;25&#8243; css=&#8221;.vc_custom_1557923526550{margin-bottom: 40px !important;}&#8221;][vc_column_inner][vc_column_text]Who could bring together in the same exhibition the following artists: Arman, Ben, C\u00e9sar, Paella Chimicos, Louis Derbr\u00e9, [&hellip;]<\/p>\n","protected":false},"author":1,"featured_media":0,"parent":533,"menu_order":0,"comment_status":"closed","ping_status":"closed","template":"","meta":{"_acf_changed":false,"footnotes":""},"class_list":["post-682","page","type-page","status-publish","hentry"],"acf":[],"yoast_head":"<!-- This site is optimized with the Yoast SEO plugin v27.4 - https:\/\/yoast.com\/product\/yoast-seo-wordpress\/ -->\n<title>Daum exihibition &#8226; Dali Paris<\/title>\n<meta name=\"robots\" content=\"index, follow, max-snippet:-1, max-image-preview:large, max-video-preview:-1\" \/>\n<link rel=\"canonical\" href=\"https:\/\/www.daliparis.com\/en\/collection-en\/past-exhibitions\/daum-exihibition\/\" \/>\n<meta property=\"og:locale\" content=\"en_US\" \/>\n<meta property=\"og:type\" content=\"article\" \/>\n<meta property=\"og:title\" content=\"Daum exihibition &#8226; Dali Paris\" \/>\n<meta property=\"og:description\" content=\"[vc_row css=&#8221;.vc_custom_1557923537139{margin-top: 60px !important;}&#8221;][vc_column][vc_acf field_group=&#8221;565&#8243; field_from_565=&#8221;field_5cdc11a9341c5&#8243; align=&#8221;right&#8221; el_class=&#8221;overlay-r exhibition-title&#8221;][vc_row_inner gap=&#8221;25&#8243; css=&#8221;.vc_custom_1557923526550{margin-bottom: 40px !important;}&#8221;][vc_column_inner][vc_column_text]Who could bring together in the same exhibition the following artists: Arman, Ben, C\u00e9sar, Paella Chimicos, Louis Derbr\u00e9, [&hellip;]\" \/>\n<meta property=\"og:url\" content=\"https:\/\/www.daliparis.com\/en\/collection-en\/past-exhibitions\/daum-exihibition\/\" \/>\n<meta property=\"og:site_name\" content=\"Dali Paris\" \/>\n<meta property=\"article:publisher\" content=\"https:\/\/www.facebook.com\/DaliParis.Officiel\/\" \/>\n<meta property=\"article:modified_time\" content=\"2019-11-26T14:29:58+00:00\" \/>\n<meta property=\"og:image\" content=\"https:\/\/www.daliparis.com\/wp-content\/uploads\/2019\/05\/Logo-nancy_0.jpg\" \/>\n\t<meta property=\"og:image:width\" content=\"1195\" \/>\n\t<meta property=\"og:image:height\" content=\"386\" \/>\n\t<meta property=\"og:image:type\" content=\"image\/jpeg\" \/>\n<meta name=\"twitter:card\" content=\"summary_large_image\" \/>\n<meta name=\"twitter:site\" content=\"@DaliParisOffi\" \/>\n<meta name=\"twitter:label1\" content=\"Est. reading time\" \/>\n\t<meta name=\"twitter:data1\" content=\"4 minutes\" \/>\n<script type=\"application\/ld+json\" class=\"yoast-schema-graph\">{\"@context\":\"https:\\\/\\\/schema.org\",\"@graph\":[{\"@type\":\"WebPage\",\"@id\":\"https:\\\/\\\/www.daliparis.com\\\/en\\\/collection-en\\\/past-exhibitions\\\/daum-exihibition\\\/\",\"url\":\"https:\\\/\\\/www.daliparis.com\\\/en\\\/collection-en\\\/past-exhibitions\\\/daum-exihibition\\\/\",\"name\":\"Daum exihibition &#8226; Dali Paris\",\"isPartOf\":{\"@id\":\"https:\\\/\\\/www.daliparis.com\\\/#website\"},\"primaryImageOfPage\":{\"@id\":\"https:\\\/\\\/www.daliparis.com\\\/en\\\/collection-en\\\/past-exhibitions\\\/daum-exihibition\\\/#primaryimage\"},\"image\":{\"@id\":\"https:\\\/\\\/www.daliparis.com\\\/en\\\/collection-en\\\/past-exhibitions\\\/daum-exihibition\\\/#primaryimage\"},\"thumbnailUrl\":\"http:\\\/\\\/mshop.php-dev.in\\\/daliparis\\\/wp-content\\\/uploads\\\/2019\\\/05\\\/Logo-nancy_0-300x97.jpg\",\"datePublished\":\"2019-05-16T12:04:22+00:00\",\"dateModified\":\"2019-11-26T14:29:58+00:00\",\"breadcrumb\":{\"@id\":\"https:\\\/\\\/www.daliparis.com\\\/en\\\/collection-en\\\/past-exhibitions\\\/daum-exihibition\\\/#breadcrumb\"},\"inLanguage\":\"en-US\",\"potentialAction\":[{\"@type\":\"ReadAction\",\"target\":[\"https:\\\/\\\/www.daliparis.com\\\/en\\\/collection-en\\\/past-exhibitions\\\/daum-exihibition\\\/\"]}]},{\"@type\":\"ImageObject\",\"inLanguage\":\"en-US\",\"@id\":\"https:\\\/\\\/www.daliparis.com\\\/en\\\/collection-en\\\/past-exhibitions\\\/daum-exihibition\\\/#primaryimage\",\"url\":\"http:\\\/\\\/mshop.php-dev.in\\\/daliparis\\\/wp-content\\\/uploads\\\/2019\\\/05\\\/Logo-nancy_0-300x97.jpg\",\"contentUrl\":\"http:\\\/\\\/mshop.php-dev.in\\\/daliparis\\\/wp-content\\\/uploads\\\/2019\\\/05\\\/Logo-nancy_0-300x97.jpg\"},{\"@type\":\"BreadcrumbList\",\"@id\":\"https:\\\/\\\/www.daliparis.com\\\/en\\\/collection-en\\\/past-exhibitions\\\/daum-exihibition\\\/#breadcrumb\",\"itemListElement\":[{\"@type\":\"ListItem\",\"position\":1,\"name\":\"Home\",\"item\":\"https:\\\/\\\/www.daliparis.com\\\/en\\\/\"},{\"@type\":\"ListItem\",\"position\":2,\"name\":\"Our Collection\",\"item\":\"https:\\\/\\\/www.daliparis.com\\\/en\\\/collection-en\\\/\"},{\"@type\":\"ListItem\",\"position\":3,\"name\":\"Past Exhibitions\",\"item\":\"https:\\\/\\\/www.daliparis.com\\\/en\\\/collection-en\\\/past-exhibitions\\\/\"},{\"@type\":\"ListItem\",\"position\":4,\"name\":\"Daum exihibition\"}]},{\"@type\":\"WebSite\",\"@id\":\"https:\\\/\\\/www.daliparis.com\\\/#website\",\"url\":\"https:\\\/\\\/www.daliparis.com\\\/\",\"name\":\"Dali Paris\",\"description\":\"Dali Paris\",\"publisher\":{\"@id\":\"https:\\\/\\\/www.daliparis.com\\\/#organization\"},\"potentialAction\":[{\"@type\":\"SearchAction\",\"target\":{\"@type\":\"EntryPoint\",\"urlTemplate\":\"https:\\\/\\\/www.daliparis.com\\\/?s={search_term_string}\"},\"query-input\":{\"@type\":\"PropertyValueSpecification\",\"valueRequired\":true,\"valueName\":\"search_term_string\"}}],\"inLanguage\":\"en-US\"},{\"@type\":\"Organization\",\"@id\":\"https:\\\/\\\/www.daliparis.com\\\/#organization\",\"name\":\"Dali Paris\",\"url\":\"https:\\\/\\\/www.daliparis.com\\\/\",\"logo\":{\"@type\":\"ImageObject\",\"inLanguage\":\"en-US\",\"@id\":\"https:\\\/\\\/www.daliparis.com\\\/#\\\/schema\\\/logo\\\/image\\\/\",\"url\":\"https:\\\/\\\/www.daliparis.com\\\/wp-content\\\/uploads\\\/2019\\\/07\\\/Format-carr\u00e9-fond-transparent.png\",\"contentUrl\":\"https:\\\/\\\/www.daliparis.com\\\/wp-content\\\/uploads\\\/2019\\\/07\\\/Format-carr\u00e9-fond-transparent.png\",\"width\":856,\"height\":720,\"caption\":\"Dali Paris\"},\"image\":{\"@id\":\"https:\\\/\\\/www.daliparis.com\\\/#\\\/schema\\\/logo\\\/image\\\/\"},\"sameAs\":[\"https:\\\/\\\/www.facebook.com\\\/DaliParis.Officiel\\\/\",\"https:\\\/\\\/x.com\\\/DaliParisOffi\",\"https:\\\/\\\/www.instagram.com\\\/dali_paris_officiel\",\"https:\\\/\\\/www.linkedin.com\\\/company\\\/5278966\\\/admin\\\/\",\"https:\\\/\\\/www.youtube.com\\\/channel\\\/UCQVkzdUYkc_0zmY-EmD6Rcg\"]}]}<\/script>\n<!-- \/ Yoast SEO plugin. -->","yoast_head_json":{"title":"Daum exihibition &#8226; Dali Paris","robots":{"index":"index","follow":"follow","max-snippet":"max-snippet:-1","max-image-preview":"max-image-preview:large","max-video-preview":"max-video-preview:-1"},"canonical":"https:\/\/www.daliparis.com\/en\/collection-en\/past-exhibitions\/daum-exihibition\/","og_locale":"en_US","og_type":"article","og_title":"Daum exihibition &#8226; Dali Paris","og_description":"[vc_row css=&#8221;.vc_custom_1557923537139{margin-top: 60px !important;}&#8221;][vc_column][vc_acf field_group=&#8221;565&#8243; field_from_565=&#8221;field_5cdc11a9341c5&#8243; align=&#8221;right&#8221; el_class=&#8221;overlay-r exhibition-title&#8221;][vc_row_inner gap=&#8221;25&#8243; css=&#8221;.vc_custom_1557923526550{margin-bottom: 40px !important;}&#8221;][vc_column_inner][vc_column_text]Who could bring together in the same exhibition the following artists: Arman, Ben, C\u00e9sar, Paella Chimicos, Louis Derbr\u00e9, [&hellip;]","og_url":"https:\/\/www.daliparis.com\/en\/collection-en\/past-exhibitions\/daum-exihibition\/","og_site_name":"Dali Paris","article_publisher":"https:\/\/www.facebook.com\/DaliParis.Officiel\/","article_modified_time":"2019-11-26T14:29:58+00:00","og_image":[{"width":1195,"height":386,"url":"https:\/\/www.daliparis.com\/wp-content\/uploads\/2019\/05\/Logo-nancy_0.jpg","type":"image\/jpeg"}],"twitter_card":"summary_large_image","twitter_site":"@DaliParisOffi","twitter_misc":{"Est. reading time":"4 minutes"},"schema":{"@context":"https:\/\/schema.org","@graph":[{"@type":"WebPage","@id":"https:\/\/www.daliparis.com\/en\/collection-en\/past-exhibitions\/daum-exihibition\/","url":"https:\/\/www.daliparis.com\/en\/collection-en\/past-exhibitions\/daum-exihibition\/","name":"Daum exihibition &#8226; Dali Paris","isPartOf":{"@id":"https:\/\/www.daliparis.com\/#website"},"primaryImageOfPage":{"@id":"https:\/\/www.daliparis.com\/en\/collection-en\/past-exhibitions\/daum-exihibition\/#primaryimage"},"image":{"@id":"https:\/\/www.daliparis.com\/en\/collection-en\/past-exhibitions\/daum-exihibition\/#primaryimage"},"thumbnailUrl":"http:\/\/mshop.php-dev.in\/daliparis\/wp-content\/uploads\/2019\/05\/Logo-nancy_0-300x97.jpg","datePublished":"2019-05-16T12:04:22+00:00","dateModified":"2019-11-26T14:29:58+00:00","breadcrumb":{"@id":"https:\/\/www.daliparis.com\/en\/collection-en\/past-exhibitions\/daum-exihibition\/#breadcrumb"},"inLanguage":"en-US","potentialAction":[{"@type":"ReadAction","target":["https:\/\/www.daliparis.com\/en\/collection-en\/past-exhibitions\/daum-exihibition\/"]}]},{"@type":"ImageObject","inLanguage":"en-US","@id":"https:\/\/www.daliparis.com\/en\/collection-en\/past-exhibitions\/daum-exihibition\/#primaryimage","url":"http:\/\/mshop.php-dev.in\/daliparis\/wp-content\/uploads\/2019\/05\/Logo-nancy_0-300x97.jpg","contentUrl":"http:\/\/mshop.php-dev.in\/daliparis\/wp-content\/uploads\/2019\/05\/Logo-nancy_0-300x97.jpg"},{"@type":"BreadcrumbList","@id":"https:\/\/www.daliparis.com\/en\/collection-en\/past-exhibitions\/daum-exihibition\/#breadcrumb","itemListElement":[{"@type":"ListItem","position":1,"name":"Home","item":"https:\/\/www.daliparis.com\/en\/"},{"@type":"ListItem","position":2,"name":"Our Collection","item":"https:\/\/www.daliparis.com\/en\/collection-en\/"},{"@type":"ListItem","position":3,"name":"Past Exhibitions","item":"https:\/\/www.daliparis.com\/en\/collection-en\/past-exhibitions\/"},{"@type":"ListItem","position":4,"name":"Daum exihibition"}]},{"@type":"WebSite","@id":"https:\/\/www.daliparis.com\/#website","url":"https:\/\/www.daliparis.com\/","name":"Dali Paris","description":"Dali Paris","publisher":{"@id":"https:\/\/www.daliparis.com\/#organization"},"potentialAction":[{"@type":"SearchAction","target":{"@type":"EntryPoint","urlTemplate":"https:\/\/www.daliparis.com\/?s={search_term_string}"},"query-input":{"@type":"PropertyValueSpecification","valueRequired":true,"valueName":"search_term_string"}}],"inLanguage":"en-US"},{"@type":"Organization","@id":"https:\/\/www.daliparis.com\/#organization","name":"Dali Paris","url":"https:\/\/www.daliparis.com\/","logo":{"@type":"ImageObject","inLanguage":"en-US","@id":"https:\/\/www.daliparis.com\/#\/schema\/logo\/image\/","url":"https:\/\/www.daliparis.com\/wp-content\/uploads\/2019\/07\/Format-carr\u00e9-fond-transparent.png","contentUrl":"https:\/\/www.daliparis.com\/wp-content\/uploads\/2019\/07\/Format-carr\u00e9-fond-transparent.png","width":856,"height":720,"caption":"Dali Paris"},"image":{"@id":"https:\/\/www.daliparis.com\/#\/schema\/logo\/image\/"},"sameAs":["https:\/\/www.facebook.com\/DaliParis.Officiel\/","https:\/\/x.com\/DaliParisOffi","https:\/\/www.instagram.com\/dali_paris_officiel","https:\/\/www.linkedin.com\/company\/5278966\/admin\/","https:\/\/www.youtube.com\/channel\/UCQVkzdUYkc_0zmY-EmD6Rcg"]}]}},"_links":{"self":[{"href":"https:\/\/www.daliparis.com\/en\/wp-json\/wp\/v2\/pages\/682","targetHints":{"allow":["GET"]}}],"collection":[{"href":"https:\/\/www.daliparis.com\/en\/wp-json\/wp\/v2\/pages"}],"about":[{"href":"https:\/\/www.daliparis.com\/en\/wp-json\/wp\/v2\/types\/page"}],"author":[{"embeddable":true,"href":"https:\/\/www.daliparis.com\/en\/wp-json\/wp\/v2\/users\/1"}],"replies":[{"embeddable":true,"href":"https:\/\/www.daliparis.com\/en\/wp-json\/wp\/v2\/comments?post=682"}],"version-history":[{"count":9,"href":"https:\/\/www.daliparis.com\/en\/wp-json\/wp\/v2\/pages\/682\/revisions"}],"predecessor-version":[{"id":2807,"href":"https:\/\/www.daliparis.com\/en\/wp-json\/wp\/v2\/pages\/682\/revisions\/2807"}],"up":[{"embeddable":true,"href":"https:\/\/www.daliparis.com\/en\/wp-json\/wp\/v2\/pages\/533"}],"wp:attachment":[{"href":"https:\/\/www.daliparis.com\/en\/wp-json\/wp\/v2\/media?parent=682"}],"curies":[{"name":"wp","href":"https:\/\/api.w.org\/{rel}","templated":true}]}}