{"id":773,"date":"2019-05-17T06:14:43","date_gmt":"2019-05-17T06:14:43","guid":{"rendered":"http:\/\/mshop.php-dev.in\/daliparis\/?page_id=773"},"modified":"2026-03-17T14:46:57","modified_gmt":"2026-03-17T14:46:57","slug":"gala-dali-en","status":"publish","type":"page","link":"https:\/\/www.daliparis.com\/en\/salvador-dali-en\/gala-dali-en\/","title":{"rendered":"Salvador Dal\u00ed and Gala"},"content":{"rendered":"<div class=\"wpb-content-wrapper\">[vc_row css=&#8221;.vc_custom_1557923537139{margin-top: 60px !important;}&#8221;][vc_column][vc_row_inner][vc_column_inner][vc_custom_heading text=&#8221;Gala, the ultimate muse of Salvador Dal\u00ed&#8221; font_container=&#8221;tag:h3|text_align:left&#8221; use_theme_fonts=&#8221;yes&#8221; css=&#8221;.vc_custom_1558440358737{padding-bottom: 20px !important;}&#8221; el_class=&#8221;title-style&#8221;][vc_column_text]Gala, wife and muse to Salvador Dal\u00ed, was born in Russia on August 26, 1894. She was an inspiration to surrealist artists and was first married to the poet, Paul Eluard. She was also Max Ernst&#8217;s mistress.<\/p>\n<p>Dal\u00ed fell madly in love with her when he invited Eluard and Gala to Spain in the summer of 1929. Dal\u00ed wrote in\u00a0<em>The Secret Life of Salvador Dal\u00ed<\/em>: &#8220;She was destined to be my Gradiva*, the one who moves forward, my victory, my wife.&#8221;<\/p>\n<p>They moved to the United States in the 40s. Gala played an essential role in Dal\u00ed&#8217;s success: she was the one who organized exhibitions, supervised sales of his paintings, managed meetings with journalists and photographers, arranged business agreements.<\/p>\n<p>In 1958, Dal\u00ed and Gala were married religiously in the \u00c0ngels chapel near Girona, and together, they created their surrealist house in Portlligat.<\/p>\n<p>In 1968, the painter bought a castle for Gala in P\u00fabol, and it was agreed that he would not visit her without previous written permission. Gala died in 1982 and was buried at the castle. In 1996, the castle became the Gala-Dal\u00ed Home Museum in P\u00fabol and was opened to the public. Gala put the genius to work and revealed Dal\u00ed to himself: &#8220;Gala discovers and brings me all of the essences that I convert into the honey of my thought in the busy hive of my brain. If it were not for Gala, today, the world would be without a genius: Dal\u00ed would not exist&#8221;.<\/p>\n<p><em>* This name comes from the title of a novel by W. Jensen, whose main character is Sigmund Freud: Gradiva is the heroine and she contributes to the psychological healing of the protagonist.<\/em>[\/vc_column_text][\/vc_column_inner][\/vc_row_inner][vc_row_inner gap=&#8221;25&#8243; css=&#8221;.vc_custom_1558001538929{margin-bottom: 40px !important;}&#8221;][vc_column_inner][vc_empty_space][\/vc_column_inner][\/vc_row_inner][vc_custom_heading text=&#8221;SEE MORE&#8221; font_container=&#8221;tag:h2|font_size:38px|text_align:center|color:%23333333|line_height:40px&#8221; google_fonts=&#8221;font_family:Montserrat%3Aregular%2C700|font_style:400%20regular%3A400%3Anormal&#8221;][vc_separator color=&#8221;custom&#8221; border_width=&#8221;3&#8243; el_width=&#8221;10&#8243; css=&#8221;.vc_custom_1558440469028{margin-top: 15px !important;margin-bottom: 15px !important;}&#8221; accent_color=&#8221;#d83100&#8243;][vc_row_inner equal_height=&#8221;yes&#8221; gap=&#8221;10&#8243; el_class=&#8221;bottom-boxes&#8221; css=&#8221;.vc_custom_1557988317691{margin-top: 40px !important;margin-bottom: 60px !important;}&#8221;][vc_column_inner width=&#8221;1\/3&#8243;][vc_column_text css=&#8221;.vc_custom_1558698735109{padding-top: 0px !important;padding-bottom: 0px !important;}&#8221; el_class=&#8221;overlay-r dali-paris-box&#8221;]\n<h6>Salvador Dal\u00ed<\/h6>\n<h2>Dal\u00ed &amp; Daum<\/h2>\n<p><a class=\"link-overlay\" href=\"\/daliparis\/en\/salvador-dali-en\/dali-daum-en\/\">Link<\/a>[\/vc_column_text][\/vc_column_inner][vc_column_inner width=&#8221;1\/3&#8243;][vc_column_text css=&#8221;.vc_custom_1773758799165{padding-top: 0px !important;padding-bottom: 0px !important;}&#8221; el_class=&#8221;overlay-r dali-paris-box&#8221;]\n<h6>Gallery<\/h6>\n<h2>Dal\u00ed Sculpture Collection<\/h2>\n<p><a class=\"link-overlay\" href=\"https:\/\/www.daliparis.com\/en\/gallery\/artwork\/sculptures\/\">Link<\/a>[\/vc_column_text][\/vc_column_inner][vc_column_inner width=&#8221;1\/3&#8243;][vc_column_text css=&#8221;.vc_custom_1773758767971{padding-top: 0px !important;padding-bottom: 0px !important;}&#8221; el_class=&#8221;overlay-r dali-paris-box&#8221;]\n<h6>E-tickets<\/h6>\n<h2>Visit Dal\u00ed Paris!<\/h2>\n<p><a class=\"link-overlay\" href=\"https:\/\/www.daliparis.com\/en\/visit-informations\/\">Link<\/a>[\/vc_column_text][\/vc_column_inner][\/vc_row_inner][\/vc_column][\/vc_row]\n<\/div>","protected":false},"excerpt":{"rendered":"<p>[vc_row css=&#8221;.vc_custom_1557923537139{margin-top: 60px !important;}&#8221;][vc_column][vc_row_inner][vc_column_inner][vc_custom_heading text=&#8221;Gala, the ultimate muse of Salvador Dal\u00ed&#8221; font_container=&#8221;tag:h3|text_align:left&#8221; use_theme_fonts=&#8221;yes&#8221; css=&#8221;.vc_custom_1558440358737{padding-bottom: 20px !important;}&#8221; el_class=&#8221;title-style&#8221;][vc_column_text]Gala, wife and muse to Salvador Dal\u00ed, was born in Russia on August 26, [&hellip;]<\/p>\n","protected":false},"author":1,"featured_media":0,"parent":408,"menu_order":0,"comment_status":"closed","ping_status":"closed","template":"","meta":{"_acf_changed":false,"footnotes":""},"class_list":["post-773","page","type-page","status-publish","hentry"],"acf":[],"yoast_head":"<!-- This site is optimized with the Yoast SEO plugin v27.5 - https:\/\/yoast.com\/product\/yoast-seo-wordpress\/ -->\n<title>Salvador Dal\u00ed and Gala &#8226; Dali Paris<\/title>\n<meta name=\"robots\" content=\"index, follow, max-snippet:-1, max-image-preview:large, max-video-preview:-1\" \/>\n<link rel=\"canonical\" href=\"https:\/\/www.daliparis.com\/en\/salvador-dali-en\/gala-dali-en\/\" \/>\n<meta property=\"og:locale\" content=\"en_US\" \/>\n<meta property=\"og:type\" content=\"article\" \/>\n<meta property=\"og:title\" content=\"Salvador Dal\u00ed and Gala &#8226; Dali Paris\" \/>\n<meta property=\"og:description\" content=\"[vc_row css=&#8221;.vc_custom_1557923537139{margin-top: 60px !important;}&#8221;][vc_column][vc_row_inner][vc_column_inner][vc_custom_heading text=&#8221;Gala, the ultimate muse of Salvador Dal\u00ed&#8221; font_container=&#8221;tag:h3|text_align:left&#8221; use_theme_fonts=&#8221;yes&#8221; css=&#8221;.vc_custom_1558440358737{padding-bottom: 20px !important;}&#8221; el_class=&#8221;title-style&#8221;][vc_column_text]Gala, wife and muse to Salvador Dal\u00ed, was born in Russia on August 26, [&hellip;]\" \/>\n<meta property=\"og:url\" content=\"https:\/\/www.daliparis.com\/en\/salvador-dali-en\/gala-dali-en\/\" \/>\n<meta property=\"og:site_name\" content=\"Dali Paris\" \/>\n<meta property=\"article:publisher\" content=\"https:\/\/www.facebook.com\/DaliParis.Officiel\/\" \/>\n<meta property=\"article:modified_time\" content=\"2026-03-17T14:46:57+00:00\" \/>\n<meta property=\"og:image\" content=\"https:\/\/www.daliparis.com\/wp-content\/uploads\/2019\/07\/Format-carr\u00e9-e1565037185340.jpg\" \/>\n\t<meta property=\"og:image:width\" content=\"100\" \/>\n\t<meta property=\"og:image:height\" content=\"84\" \/>\n\t<meta property=\"og:image:type\" content=\"image\/jpeg\" \/>\n<meta name=\"twitter:card\" content=\"summary_large_image\" \/>\n<meta name=\"twitter:site\" content=\"@DaliParisOffi\" \/>\n<meta name=\"twitter:label1\" content=\"Est. reading time\" \/>\n\t<meta name=\"twitter:data1\" content=\"2 minutes\" \/>\n<script type=\"application\/ld+json\" class=\"yoast-schema-graph\">{\"@context\":\"https:\\\/\\\/schema.org\",\"@graph\":[{\"@type\":\"WebPage\",\"@id\":\"https:\\\/\\\/www.daliparis.com\\\/en\\\/salvador-dali-en\\\/gala-dali-en\\\/\",\"url\":\"https:\\\/\\\/www.daliparis.com\\\/en\\\/salvador-dali-en\\\/gala-dali-en\\\/\",\"name\":\"Salvador Dal\u00ed and Gala &#8226; Dali Paris\",\"isPartOf\":{\"@id\":\"https:\\\/\\\/www.daliparis.com\\\/#website\"},\"datePublished\":\"2019-05-17T06:14:43+00:00\",\"dateModified\":\"2026-03-17T14:46:57+00:00\",\"breadcrumb\":{\"@id\":\"https:\\\/\\\/www.daliparis.com\\\/en\\\/salvador-dali-en\\\/gala-dali-en\\\/#breadcrumb\"},\"inLanguage\":\"en-US\",\"potentialAction\":[{\"@type\":\"ReadAction\",\"target\":[\"https:\\\/\\\/www.daliparis.com\\\/en\\\/salvador-dali-en\\\/gala-dali-en\\\/\"]}]},{\"@type\":\"BreadcrumbList\",\"@id\":\"https:\\\/\\\/www.daliparis.com\\\/en\\\/salvador-dali-en\\\/gala-dali-en\\\/#breadcrumb\",\"itemListElement\":[{\"@type\":\"ListItem\",\"position\":1,\"name\":\"Home\",\"item\":\"https:\\\/\\\/www.daliparis.com\\\/en\\\/\"},{\"@type\":\"ListItem\",\"position\":2,\"name\":\"Salvador Dal\u00ed\",\"item\":\"https:\\\/\\\/www.daliparis.com\\\/en\\\/salvador-dali-en\\\/\"},{\"@type\":\"ListItem\",\"position\":3,\"name\":\"Salvador Dal\u00ed and Gala\"}]},{\"@type\":\"WebSite\",\"@id\":\"https:\\\/\\\/www.daliparis.com\\\/#website\",\"url\":\"https:\\\/\\\/www.daliparis.com\\\/\",\"name\":\"Dali Paris\",\"description\":\"Dali Paris\",\"publisher\":{\"@id\":\"https:\\\/\\\/www.daliparis.com\\\/#organization\"},\"potentialAction\":[{\"@type\":\"SearchAction\",\"target\":{\"@type\":\"EntryPoint\",\"urlTemplate\":\"https:\\\/\\\/www.daliparis.com\\\/?s={search_term_string}\"},\"query-input\":{\"@type\":\"PropertyValueSpecification\",\"valueRequired\":true,\"valueName\":\"search_term_string\"}}],\"inLanguage\":\"en-US\"},{\"@type\":\"Organization\",\"@id\":\"https:\\\/\\\/www.daliparis.com\\\/#organization\",\"name\":\"Dali Paris\",\"url\":\"https:\\\/\\\/www.daliparis.com\\\/\",\"logo\":{\"@type\":\"ImageObject\",\"inLanguage\":\"en-US\",\"@id\":\"https:\\\/\\\/www.daliparis.com\\\/#\\\/schema\\\/logo\\\/image\\\/\",\"url\":\"https:\\\/\\\/www.daliparis.com\\\/wp-content\\\/uploads\\\/2019\\\/07\\\/Format-carr\u00e9-fond-transparent.png\",\"contentUrl\":\"https:\\\/\\\/www.daliparis.com\\\/wp-content\\\/uploads\\\/2019\\\/07\\\/Format-carr\u00e9-fond-transparent.png\",\"width\":856,\"height\":720,\"caption\":\"Dali Paris\"},\"image\":{\"@id\":\"https:\\\/\\\/www.daliparis.com\\\/#\\\/schema\\\/logo\\\/image\\\/\"},\"sameAs\":[\"https:\\\/\\\/www.facebook.com\\\/DaliParis.Officiel\\\/\",\"https:\\\/\\\/x.com\\\/DaliParisOffi\",\"https:\\\/\\\/www.instagram.com\\\/dali_paris_officiel\",\"https:\\\/\\\/www.linkedin.com\\\/company\\\/5278966\\\/admin\\\/\",\"https:\\\/\\\/www.youtube.com\\\/channel\\\/UCQVkzdUYkc_0zmY-EmD6Rcg\"]}]}<\/script>\n<!-- \/ Yoast SEO plugin. -->","yoast_head_json":{"title":"Salvador Dal\u00ed and Gala &#8226; Dali Paris","robots":{"index":"index","follow":"follow","max-snippet":"max-snippet:-1","max-image-preview":"max-image-preview:large","max-video-preview":"max-video-preview:-1"},"canonical":"https:\/\/www.daliparis.com\/en\/salvador-dali-en\/gala-dali-en\/","og_locale":"en_US","og_type":"article","og_title":"Salvador Dal\u00ed and Gala &#8226; Dali Paris","og_description":"[vc_row css=&#8221;.vc_custom_1557923537139{margin-top: 60px !important;}&#8221;][vc_column][vc_row_inner][vc_column_inner][vc_custom_heading text=&#8221;Gala, the ultimate muse of Salvador Dal\u00ed&#8221; font_container=&#8221;tag:h3|text_align:left&#8221; use_theme_fonts=&#8221;yes&#8221; css=&#8221;.vc_custom_1558440358737{padding-bottom: 20px !important;}&#8221; el_class=&#8221;title-style&#8221;][vc_column_text]Gala, wife and muse to Salvador Dal\u00ed, was born in Russia on August 26, [&hellip;]","og_url":"https:\/\/www.daliparis.com\/en\/salvador-dali-en\/gala-dali-en\/","og_site_name":"Dali Paris","article_publisher":"https:\/\/www.facebook.com\/DaliParis.Officiel\/","article_modified_time":"2026-03-17T14:46:57+00:00","og_image":[{"width":100,"height":84,"url":"https:\/\/www.daliparis.com\/wp-content\/uploads\/2019\/07\/Format-carr\u00e9-e1565037185340.jpg","type":"image\/jpeg"}],"twitter_card":"summary_large_image","twitter_site":"@DaliParisOffi","twitter_misc":{"Est. reading time":"2 minutes"},"schema":{"@context":"https:\/\/schema.org","@graph":[{"@type":"WebPage","@id":"https:\/\/www.daliparis.com\/en\/salvador-dali-en\/gala-dali-en\/","url":"https:\/\/www.daliparis.com\/en\/salvador-dali-en\/gala-dali-en\/","name":"Salvador Dal\u00ed and Gala &#8226; Dali Paris","isPartOf":{"@id":"https:\/\/www.daliparis.com\/#website"},"datePublished":"2019-05-17T06:14:43+00:00","dateModified":"2026-03-17T14:46:57+00:00","breadcrumb":{"@id":"https:\/\/www.daliparis.com\/en\/salvador-dali-en\/gala-dali-en\/#breadcrumb"},"inLanguage":"en-US","potentialAction":[{"@type":"ReadAction","target":["https:\/\/www.daliparis.com\/en\/salvador-dali-en\/gala-dali-en\/"]}]},{"@type":"BreadcrumbList","@id":"https:\/\/www.daliparis.com\/en\/salvador-dali-en\/gala-dali-en\/#breadcrumb","itemListElement":[{"@type":"ListItem","position":1,"name":"Home","item":"https:\/\/www.daliparis.com\/en\/"},{"@type":"ListItem","position":2,"name":"Salvador Dal\u00ed","item":"https:\/\/www.daliparis.com\/en\/salvador-dali-en\/"},{"@type":"ListItem","position":3,"name":"Salvador Dal\u00ed and Gala"}]},{"@type":"WebSite","@id":"https:\/\/www.daliparis.com\/#website","url":"https:\/\/www.daliparis.com\/","name":"Dali Paris","description":"Dali Paris","publisher":{"@id":"https:\/\/www.daliparis.com\/#organization"},"potentialAction":[{"@type":"SearchAction","target":{"@type":"EntryPoint","urlTemplate":"https:\/\/www.daliparis.com\/?s={search_term_string}"},"query-input":{"@type":"PropertyValueSpecification","valueRequired":true,"valueName":"search_term_string"}}],"inLanguage":"en-US"},{"@type":"Organization","@id":"https:\/\/www.daliparis.com\/#organization","name":"Dali Paris","url":"https:\/\/www.daliparis.com\/","logo":{"@type":"ImageObject","inLanguage":"en-US","@id":"https:\/\/www.daliparis.com\/#\/schema\/logo\/image\/","url":"https:\/\/www.daliparis.com\/wp-content\/uploads\/2019\/07\/Format-carr\u00e9-fond-transparent.png","contentUrl":"https:\/\/www.daliparis.com\/wp-content\/uploads\/2019\/07\/Format-carr\u00e9-fond-transparent.png","width":856,"height":720,"caption":"Dali Paris"},"image":{"@id":"https:\/\/www.daliparis.com\/#\/schema\/logo\/image\/"},"sameAs":["https:\/\/www.facebook.com\/DaliParis.Officiel\/","https:\/\/x.com\/DaliParisOffi","https:\/\/www.instagram.com\/dali_paris_officiel","https:\/\/www.linkedin.com\/company\/5278966\/admin\/","https:\/\/www.youtube.com\/channel\/UCQVkzdUYkc_0zmY-EmD6Rcg"]}]}},"_links":{"self":[{"href":"https:\/\/www.daliparis.com\/en\/wp-json\/wp\/v2\/pages\/773","targetHints":{"allow":["GET"]}}],"collection":[{"href":"https:\/\/www.daliparis.com\/en\/wp-json\/wp\/v2\/pages"}],"about":[{"href":"https:\/\/www.daliparis.com\/en\/wp-json\/wp\/v2\/types\/page"}],"author":[{"embeddable":true,"href":"https:\/\/www.daliparis.com\/en\/wp-json\/wp\/v2\/users\/1"}],"replies":[{"embeddable":true,"href":"https:\/\/www.daliparis.com\/en\/wp-json\/wp\/v2\/comments?post=773"}],"version-history":[{"count":3,"href":"https:\/\/www.daliparis.com\/en\/wp-json\/wp\/v2\/pages\/773\/revisions"}],"predecessor-version":[{"id":7161,"href":"https:\/\/www.daliparis.com\/en\/wp-json\/wp\/v2\/pages\/773\/revisions\/7161"}],"up":[{"embeddable":true,"href":"https:\/\/www.daliparis.com\/en\/wp-json\/wp\/v2\/pages\/408"}],"wp:attachment":[{"href":"https:\/\/www.daliparis.com\/en\/wp-json\/wp\/v2\/media?parent=773"}],"curies":[{"name":"wp","href":"https:\/\/api.w.org\/{rel}","templated":true}]}}