{"id":834,"date":"2019-05-17T10:48:08","date_gmt":"2019-05-17T10:48:08","guid":{"rendered":"http:\/\/mshop.php-dev.in\/daliparis\/?page_id=834"},"modified":"2020-02-17T06:00:40","modified_gmt":"2020-02-17T06:00:40","slug":"dali-sculptor","status":"publish","type":"page","link":"https:\/\/www.daliparis.com\/en\/salvador-dali-en\/dali-sculptor\/","title":{"rendered":"Dal\u00ed the sculptor"},"content":{"rendered":"<div class=\"wpb-content-wrapper\">[vc_row css=&#8221;.vc_custom_1557923537139{margin-top: 60px !important;}&#8221;][vc_column][vc_row_inner gap=&#8221;35&#8243;][vc_column_inner][vc_column_text]Dal\u00ed\u2019s creative genius transforms into three-dimensional sculpture, bringing forth his most famous and fantastic surrealistic images. The passion to express himself sculpturally lasted throughout his lifetime and each sculpture beholds a dal\u00ednian philosophy. This superb collection, the most important assembly of Dal\u00ed sculptures in France, brings to light the Catalan Master\u2019s imagination, and exhibits an unknown aspect of Salvador Dal\u00ed\u2019s work.[\/vc_column_text][vc_column_text css=&#8221;.vc_custom_1581919228213{padding-top: 20px !important;}&#8221;]In his autobiography La vie Secr\u00e8te (The secrete life of Salvador Dal\u00ed), Dal\u00ed relates how, as a child, he made a model of the Venus de Milo because there was a picture of her on a pencil case: this was his first attempt at sculpture.<\/p>\n<p>Dal\u00ed was already exploring working in three dimensions in the thirties. As a surrealist artist attempting, to convey the subconscious, dreams, feelings and also in the tradition of Marcel Duchamps, with his ready-made pieces (Fontaine 1917), he was interested in the art of the \u201cobject\u201d using unusual materials.<\/p>\n<p>He created \u201cObjects with a symbolic function\u201d, such as the Buste de Femme Retrospectif, which involved combining a painted porcelain milliner\u2019s dummy head with various other salvaged objects (1933). \u201cThe surrealist is not practical; it has no use other than to soften people, to exhaust them and to addle their brains. The surrealist object is made for Honour, it exists only for the honour of the thought it contains\u201d.<\/p>\n<p>Dal\u00ed gradually returned to a more traditional technique. He would began with a piece of soft wax to which he gave the shape that he wanted by giving concrete form to the irrationality of his imagination. He would then give the necessary hardness to his creation by casting it in bronze so that it could take its place in the outside world. These sculptures were produced using the lost wax casting* technique. They represent a significant aspect of Dal\u00ed\u2019s creation and provide a synthesis of his interest in form. These bronze sculptures are effectively three dimensional Salvador dali surrealism artworks.<\/p>\n<p>Conceived by Dal\u00ed on the basis of his most famous pictures, bronze sculptures, such as the Persistence of Memory, the Profile of Time, the Nobility of Time, Venus \u00e0 la Girafe, the Hallucinogenic Toreador, Space Venus, Alice in Wonderland, and Space Elephant very vigorously demonstrate the force of expression of his iconographic surrealist image.[\/vc_column_text][\/vc_column_inner][\/vc_row_inner][vc_row_inner][vc_column_inner][vc_custom_heading text=&#8221;Lost Wax casting Technique:&#8221; font_container=&#8221;tag:h3|text_align:left&#8221; use_theme_fonts=&#8221;yes&#8221; el_class=&#8221;title-style&#8221;][vc_column_text css=&#8221;.vc_custom_1558089896976{padding-top: 20px !important;}&#8221;]This technique enables the production of metal objects from a wax model, the wax is covered with a ceramic mixture to create a mould. The mould is then heated and the wax melts. This operation is called dewaxing. Once the mould is empty it is filled with molten metal. After cooling the ceramic shell is broken away to reveal the freshly cast object. Various polishing and finishing processes then take place such as burnishing, recutting, chasing and patination.[\/vc_column_text][\/vc_column_inner][\/vc_row_inner][vc_row_inner gap=&#8221;25&#8243; css=&#8221;.vc_custom_1558001538929{margin-bottom: 40px !important;}&#8221;][vc_column_inner][vc_empty_space][\/vc_column_inner][\/vc_row_inner][vc_custom_heading text=&#8221;SEE MORE&#8221; font_container=&#8221;tag:h2|font_size:38px|text_align:center|color:%23333333|line_height:40px&#8221; google_fonts=&#8221;font_family:Montserrat%3Aregular%2C700|font_style:400%20regular%3A400%3Anormal&#8221;][vc_separator color=&#8221;custom&#8221; border_width=&#8221;3&#8243; el_width=&#8221;10&#8243; accent_color=&#8221;#d83100&#8243; css=&#8221;.vc_custom_1558441967945{margin-top: 15px !important;margin-bottom: 15px !important;}&#8221;][vc_row_inner equal_height=&#8221;yes&#8221; gap=&#8221;10&#8243; el_class=&#8221;bottom-boxes&#8221; css=&#8221;.vc_custom_1557988317691{margin-top: 40px !important;margin-bottom: 60px !important;}&#8221;][vc_column_inner width=&#8221;1\/3&#8243;][vc_column_text css=&#8221;.vc_custom_1558699753350{padding-top: 0px !important;padding-bottom: 0px !important;}&#8221; el_class=&#8221;overlay-r dali-paris-box&#8221;]\n<h6>Techniques<\/h6>\n<h2>Bronze lost wax process<\/h2>\n<p><a class=\"link-overlay\" href=\"\/daliparis\/en\/bronze-and-graphics-techniques\/bronze-lost-wax-process\/\">Link<\/a>[\/vc_column_text][\/vc_column_inner][vc_column_inner width=&#8221;1\/3&#8243;][vc_column_text css=&#8221;.vc_custom_1558699778009{padding-top: 0px !important;padding-bottom: 0px !important;}&#8221; el_class=&#8221;overlay-r dali-paris-box&#8221;]\n<h6>Gallery<\/h6>\n<h2>Artworks<\/h2>\n<p><a class=\"link-overlay\" href=\"\/daliparis\/en\/gallery\/artwork\/\">Link<\/a>[\/vc_column_text][\/vc_column_inner][vc_column_inner width=&#8221;1\/3&#8243;][vc_column_text css=&#8221;.vc_custom_1558699792728{padding-top: 0px !important;padding-bottom: 0px !important;}&#8221; el_class=&#8221;overlay-r dali-paris-box&#8221;]\n<h6>Art collection<\/h6>\n<h2>Permanent exhibition<\/h2>\n<p><a class=\"link-overlay\" href=\"\/daliparis\/en\/collection-en\/permanent-exhibition\/\">Link<\/a>[\/vc_column_text][\/vc_column_inner][\/vc_row_inner][\/vc_column][\/vc_row]\n<\/div>","protected":false},"excerpt":{"rendered":"<p>[vc_row css=&#8221;.vc_custom_1557923537139{margin-top: 60px !important;}&#8221;][vc_column][vc_row_inner gap=&#8221;35&#8243;][vc_column_inner][vc_column_text]Dal\u00ed\u2019s creative genius transforms into three-dimensional sculpture, bringing forth his most famous and fantastic surrealistic images. The passion to express himself sculpturally lasted throughout his lifetime [&hellip;]<\/p>\n","protected":false},"author":1,"featured_media":0,"parent":408,"menu_order":0,"comment_status":"closed","ping_status":"closed","template":"","meta":{"_acf_changed":false,"footnotes":""},"class_list":["post-834","page","type-page","status-publish","hentry"],"acf":[],"yoast_head":"<!-- This site is optimized with the Yoast SEO plugin v27.5 - https:\/\/yoast.com\/product\/yoast-seo-wordpress\/ -->\n<title>Dal\u00ed the sculptor &#8226; Dali Paris<\/title>\n<meta name=\"robots\" content=\"index, follow, max-snippet:-1, max-image-preview:large, max-video-preview:-1\" \/>\n<link rel=\"canonical\" href=\"https:\/\/www.daliparis.com\/en\/salvador-dali-en\/dali-sculptor\/\" \/>\n<meta property=\"og:locale\" content=\"en_US\" \/>\n<meta property=\"og:type\" content=\"article\" \/>\n<meta property=\"og:title\" content=\"Dal\u00ed the sculptor &#8226; Dali Paris\" \/>\n<meta property=\"og:description\" content=\"[vc_row css=&#8221;.vc_custom_1557923537139{margin-top: 60px !important;}&#8221;][vc_column][vc_row_inner gap=&#8221;35&#8243;][vc_column_inner][vc_column_text]Dal\u00ed\u2019s creative genius transforms into three-dimensional sculpture, bringing forth his most famous and fantastic surrealistic images. The passion to express himself sculpturally lasted throughout his lifetime [&hellip;]\" \/>\n<meta property=\"og:url\" content=\"https:\/\/www.daliparis.com\/en\/salvador-dali-en\/dali-sculptor\/\" \/>\n<meta property=\"og:site_name\" content=\"Dali Paris\" \/>\n<meta property=\"article:publisher\" content=\"https:\/\/www.facebook.com\/DaliParis.Officiel\/\" \/>\n<meta property=\"article:modified_time\" content=\"2020-02-17T06:00:40+00:00\" \/>\n<meta property=\"og:image\" content=\"https:\/\/www.daliparis.com\/wp-content\/uploads\/2019\/07\/Format-carr\u00e9-e1565037185340.jpg\" \/>\n\t<meta property=\"og:image:width\" content=\"100\" \/>\n\t<meta property=\"og:image:height\" content=\"84\" \/>\n\t<meta property=\"og:image:type\" content=\"image\/jpeg\" \/>\n<meta name=\"twitter:card\" content=\"summary_large_image\" \/>\n<meta name=\"twitter:site\" content=\"@DaliParisOffi\" \/>\n<meta name=\"twitter:label1\" content=\"Est. reading time\" \/>\n\t<meta name=\"twitter:data1\" content=\"4 minutes\" \/>\n<script type=\"application\/ld+json\" class=\"yoast-schema-graph\">{\"@context\":\"https:\\\/\\\/schema.org\",\"@graph\":[{\"@type\":\"WebPage\",\"@id\":\"https:\\\/\\\/www.daliparis.com\\\/en\\\/salvador-dali-en\\\/dali-sculptor\\\/\",\"url\":\"https:\\\/\\\/www.daliparis.com\\\/en\\\/salvador-dali-en\\\/dali-sculptor\\\/\",\"name\":\"Dal\u00ed the sculptor &#8226; Dali Paris\",\"isPartOf\":{\"@id\":\"https:\\\/\\\/www.daliparis.com\\\/#website\"},\"datePublished\":\"2019-05-17T10:48:08+00:00\",\"dateModified\":\"2020-02-17T06:00:40+00:00\",\"breadcrumb\":{\"@id\":\"https:\\\/\\\/www.daliparis.com\\\/en\\\/salvador-dali-en\\\/dali-sculptor\\\/#breadcrumb\"},\"inLanguage\":\"en-US\",\"potentialAction\":[{\"@type\":\"ReadAction\",\"target\":[\"https:\\\/\\\/www.daliparis.com\\\/en\\\/salvador-dali-en\\\/dali-sculptor\\\/\"]}]},{\"@type\":\"BreadcrumbList\",\"@id\":\"https:\\\/\\\/www.daliparis.com\\\/en\\\/salvador-dali-en\\\/dali-sculptor\\\/#breadcrumb\",\"itemListElement\":[{\"@type\":\"ListItem\",\"position\":1,\"name\":\"Home\",\"item\":\"https:\\\/\\\/www.daliparis.com\\\/en\\\/\"},{\"@type\":\"ListItem\",\"position\":2,\"name\":\"Salvador Dal\u00ed\",\"item\":\"https:\\\/\\\/www.daliparis.com\\\/en\\\/salvador-dali-en\\\/\"},{\"@type\":\"ListItem\",\"position\":3,\"name\":\"Dal\u00ed the sculptor\"}]},{\"@type\":\"WebSite\",\"@id\":\"https:\\\/\\\/www.daliparis.com\\\/#website\",\"url\":\"https:\\\/\\\/www.daliparis.com\\\/\",\"name\":\"Dali Paris\",\"description\":\"Dali Paris\",\"publisher\":{\"@id\":\"https:\\\/\\\/www.daliparis.com\\\/#organization\"},\"potentialAction\":[{\"@type\":\"SearchAction\",\"target\":{\"@type\":\"EntryPoint\",\"urlTemplate\":\"https:\\\/\\\/www.daliparis.com\\\/?s={search_term_string}\"},\"query-input\":{\"@type\":\"PropertyValueSpecification\",\"valueRequired\":true,\"valueName\":\"search_term_string\"}}],\"inLanguage\":\"en-US\"},{\"@type\":\"Organization\",\"@id\":\"https:\\\/\\\/www.daliparis.com\\\/#organization\",\"name\":\"Dali Paris\",\"url\":\"https:\\\/\\\/www.daliparis.com\\\/\",\"logo\":{\"@type\":\"ImageObject\",\"inLanguage\":\"en-US\",\"@id\":\"https:\\\/\\\/www.daliparis.com\\\/#\\\/schema\\\/logo\\\/image\\\/\",\"url\":\"https:\\\/\\\/www.daliparis.com\\\/wp-content\\\/uploads\\\/2019\\\/07\\\/Format-carr\u00e9-fond-transparent.png\",\"contentUrl\":\"https:\\\/\\\/www.daliparis.com\\\/wp-content\\\/uploads\\\/2019\\\/07\\\/Format-carr\u00e9-fond-transparent.png\",\"width\":856,\"height\":720,\"caption\":\"Dali Paris\"},\"image\":{\"@id\":\"https:\\\/\\\/www.daliparis.com\\\/#\\\/schema\\\/logo\\\/image\\\/\"},\"sameAs\":[\"https:\\\/\\\/www.facebook.com\\\/DaliParis.Officiel\\\/\",\"https:\\\/\\\/x.com\\\/DaliParisOffi\",\"https:\\\/\\\/www.instagram.com\\\/dali_paris_officiel\",\"https:\\\/\\\/www.linkedin.com\\\/company\\\/5278966\\\/admin\\\/\",\"https:\\\/\\\/www.youtube.com\\\/channel\\\/UCQVkzdUYkc_0zmY-EmD6Rcg\"]}]}<\/script>\n<!-- \/ Yoast SEO plugin. -->","yoast_head_json":{"title":"Dal\u00ed the sculptor &#8226; Dali Paris","robots":{"index":"index","follow":"follow","max-snippet":"max-snippet:-1","max-image-preview":"max-image-preview:large","max-video-preview":"max-video-preview:-1"},"canonical":"https:\/\/www.daliparis.com\/en\/salvador-dali-en\/dali-sculptor\/","og_locale":"en_US","og_type":"article","og_title":"Dal\u00ed the sculptor &#8226; Dali Paris","og_description":"[vc_row css=&#8221;.vc_custom_1557923537139{margin-top: 60px !important;}&#8221;][vc_column][vc_row_inner gap=&#8221;35&#8243;][vc_column_inner][vc_column_text]Dal\u00ed\u2019s creative genius transforms into three-dimensional sculpture, bringing forth his most famous and fantastic surrealistic images. The passion to express himself sculpturally lasted throughout his lifetime [&hellip;]","og_url":"https:\/\/www.daliparis.com\/en\/salvador-dali-en\/dali-sculptor\/","og_site_name":"Dali Paris","article_publisher":"https:\/\/www.facebook.com\/DaliParis.Officiel\/","article_modified_time":"2020-02-17T06:00:40+00:00","og_image":[{"width":100,"height":84,"url":"https:\/\/www.daliparis.com\/wp-content\/uploads\/2019\/07\/Format-carr\u00e9-e1565037185340.jpg","type":"image\/jpeg"}],"twitter_card":"summary_large_image","twitter_site":"@DaliParisOffi","twitter_misc":{"Est. reading time":"4 minutes"},"schema":{"@context":"https:\/\/schema.org","@graph":[{"@type":"WebPage","@id":"https:\/\/www.daliparis.com\/en\/salvador-dali-en\/dali-sculptor\/","url":"https:\/\/www.daliparis.com\/en\/salvador-dali-en\/dali-sculptor\/","name":"Dal\u00ed the sculptor &#8226; Dali Paris","isPartOf":{"@id":"https:\/\/www.daliparis.com\/#website"},"datePublished":"2019-05-17T10:48:08+00:00","dateModified":"2020-02-17T06:00:40+00:00","breadcrumb":{"@id":"https:\/\/www.daliparis.com\/en\/salvador-dali-en\/dali-sculptor\/#breadcrumb"},"inLanguage":"en-US","potentialAction":[{"@type":"ReadAction","target":["https:\/\/www.daliparis.com\/en\/salvador-dali-en\/dali-sculptor\/"]}]},{"@type":"BreadcrumbList","@id":"https:\/\/www.daliparis.com\/en\/salvador-dali-en\/dali-sculptor\/#breadcrumb","itemListElement":[{"@type":"ListItem","position":1,"name":"Home","item":"https:\/\/www.daliparis.com\/en\/"},{"@type":"ListItem","position":2,"name":"Salvador Dal\u00ed","item":"https:\/\/www.daliparis.com\/en\/salvador-dali-en\/"},{"@type":"ListItem","position":3,"name":"Dal\u00ed the sculptor"}]},{"@type":"WebSite","@id":"https:\/\/www.daliparis.com\/#website","url":"https:\/\/www.daliparis.com\/","name":"Dali Paris","description":"Dali Paris","publisher":{"@id":"https:\/\/www.daliparis.com\/#organization"},"potentialAction":[{"@type":"SearchAction","target":{"@type":"EntryPoint","urlTemplate":"https:\/\/www.daliparis.com\/?s={search_term_string}"},"query-input":{"@type":"PropertyValueSpecification","valueRequired":true,"valueName":"search_term_string"}}],"inLanguage":"en-US"},{"@type":"Organization","@id":"https:\/\/www.daliparis.com\/#organization","name":"Dali Paris","url":"https:\/\/www.daliparis.com\/","logo":{"@type":"ImageObject","inLanguage":"en-US","@id":"https:\/\/www.daliparis.com\/#\/schema\/logo\/image\/","url":"https:\/\/www.daliparis.com\/wp-content\/uploads\/2019\/07\/Format-carr\u00e9-fond-transparent.png","contentUrl":"https:\/\/www.daliparis.com\/wp-content\/uploads\/2019\/07\/Format-carr\u00e9-fond-transparent.png","width":856,"height":720,"caption":"Dali Paris"},"image":{"@id":"https:\/\/www.daliparis.com\/#\/schema\/logo\/image\/"},"sameAs":["https:\/\/www.facebook.com\/DaliParis.Officiel\/","https:\/\/x.com\/DaliParisOffi","https:\/\/www.instagram.com\/dali_paris_officiel","https:\/\/www.linkedin.com\/company\/5278966\/admin\/","https:\/\/www.youtube.com\/channel\/UCQVkzdUYkc_0zmY-EmD6Rcg"]}]}},"_links":{"self":[{"href":"https:\/\/www.daliparis.com\/en\/wp-json\/wp\/v2\/pages\/834","targetHints":{"allow":["GET"]}}],"collection":[{"href":"https:\/\/www.daliparis.com\/en\/wp-json\/wp\/v2\/pages"}],"about":[{"href":"https:\/\/www.daliparis.com\/en\/wp-json\/wp\/v2\/types\/page"}],"author":[{"embeddable":true,"href":"https:\/\/www.daliparis.com\/en\/wp-json\/wp\/v2\/users\/1"}],"replies":[{"embeddable":true,"href":"https:\/\/www.daliparis.com\/en\/wp-json\/wp\/v2\/comments?post=834"}],"version-history":[{"count":9,"href":"https:\/\/www.daliparis.com\/en\/wp-json\/wp\/v2\/pages\/834\/revisions"}],"predecessor-version":[{"id":3237,"href":"https:\/\/www.daliparis.com\/en\/wp-json\/wp\/v2\/pages\/834\/revisions\/3237"}],"up":[{"embeddable":true,"href":"https:\/\/www.daliparis.com\/en\/wp-json\/wp\/v2\/pages\/408"}],"wp:attachment":[{"href":"https:\/\/www.daliparis.com\/en\/wp-json\/wp\/v2\/media?parent=834"}],"curies":[{"name":"wp","href":"https:\/\/api.w.org\/{rel}","templated":true}]}}